{"id":718,"date":"2021-04-21T00:31:15","date_gmt":"2021-04-21T04:31:15","guid":{"rendered":"https:\/\/aniwen.cl\/?page_id=718"},"modified":"2022-03-22T21:22:58","modified_gmt":"2022-03-23T01:22:58","slug":"acerca-de","status":"publish","type":"page","link":"https:\/\/aniwen.cl\/index.php\/acerca-de","title":{"rendered":"Acerca de"},"content":{"rendered":"\t\t<div data-elementor-type=\"wp-page\" data-elementor-id=\"718\" class=\"elementor elementor-718\" data-elementor-post-type=\"page\">\n\t\t\t\t\t\t<section class=\"elementor-section elementor-top-section elementor-element elementor-element-4d8bd7b elementor-section-boxed elementor-section-height-default elementor-section-height-default\" data-id=\"4d8bd7b\" data-element_type=\"section\" data-e-type=\"section\" data-settings=\"{&quot;background_background&quot;:&quot;gradient&quot;}\">\n\t\t\t\t\t\t<div class=\"elementor-container elementor-column-gap-default\">\n\t\t\t\t\t<div class=\"elementor-column elementor-col-100 elementor-top-column elementor-element elementor-element-46284cd\" data-id=\"46284cd\" data-element_type=\"column\" data-e-type=\"column\">\n\t\t\t<div class=\"elementor-widget-wrap elementor-element-populated\">\n\t\t\t\t\t\t<div class=\"elementor-element elementor-element-02858c6 elementor-widget elementor-widget-heading\" data-id=\"02858c6\" data-element_type=\"widget\" data-e-type=\"widget\" data-widget_type=\"heading.default\">\n\t\t\t\t<div class=\"elementor-widget-container\">\n\t\t\t\t\t<h2 class=\"elementor-heading-title elementor-size-default\">Aniwen<\/h2>\t\t\t\t<\/div>\n\t\t\t\t<\/div>\n\t\t\t\t<div class=\"elementor-element elementor-element-68f66a2 elementor-widget-divider--view-line elementor-widget elementor-widget-divider\" data-id=\"68f66a2\" data-element_type=\"widget\" data-e-type=\"widget\" data-widget_type=\"divider.default\">\n\t\t\t\t<div class=\"elementor-widget-container\">\n\t\t\t\t\t\t\t<div class=\"elementor-divider\">\n\t\t\t<span class=\"elementor-divider-separator\">\n\t\t\t\t\t\t<\/span>\n\t\t<\/div>\n\t\t\t\t\t\t<\/div>\n\t\t\t\t<\/div>\n\t\t\t\t<div class=\"elementor-element elementor-element-1d9dfce elementor-widget elementor-widget-heading\" data-id=\"1d9dfce\" data-element_type=\"widget\" data-e-type=\"widget\" data-widget_type=\"heading.default\">\n\t\t\t\t<div class=\"elementor-widget-container\">\n\t\t\t\t\t<h6 class=\"elementor-heading-title elementor-size-medium\">Aniwen es una empresa comercializadora y distribuidora de insumos para reposter\u00eda, panader\u00eda y envases, que naci\u00f3 en el a\u00f1o 2015 con la finalidad de entregar en su domicilio los productos requeridos por emprendedores, pymes y mayoristas.\n\nCon nuestros clientes formamos lazos de cooperaci\u00f3n y redes para potenciar sus emprendimientos.<\/h6>\t\t\t\t<\/div>\n\t\t\t\t<\/div>\n\t\t\t\t<div class=\"elementor-element elementor-element-cbc5e30 elementor-widget elementor-widget-heading\" data-id=\"cbc5e30\" data-element_type=\"widget\" data-e-type=\"widget\" data-widget_type=\"heading.default\">\n\t\t\t\t<div class=\"elementor-widget-container\">\n\t\t\t\t\t<h6 class=\"elementor-heading-title elementor-size-medium\">Con nuestros clientes formamos lazos de cooperaci\u00f3n y redes para potenciar sus emprendimientos.<\/h6>\t\t\t\t<\/div>\n\t\t\t\t<\/div>\n\t\t\t\t<div class=\"elementor-element elementor-element-3678739 elementor-widget elementor-widget-spacer\" data-id=\"3678739\" data-element_type=\"widget\" data-e-type=\"widget\" data-widget_type=\"spacer.default\">\n\t\t\t\t<div class=\"elementor-widget-container\">\n\t\t\t\t\t\t\t<div class=\"elementor-spacer\">\n\t\t\t<div class=\"elementor-spacer-inner\"><\/div>\n\t\t<\/div>\n\t\t\t\t\t\t<\/div>\n\t\t\t\t<\/div>\n\t\t\t\t\t<\/div>\n\t\t<\/div>\n\t\t\t\t\t<\/div>\n\t\t<\/section>\n\t\t\t\t<\/div>\n\t\t","protected":false},"excerpt":{"rendered":"<p>Aniwen Aniwen es una empresa comercializadora y distribuidora de insumos para reposter\u00eda, panader\u00eda y envases, que naci\u00f3 en el a\u00f1o 2015 con la finalidad de entregar en su domicilio los productos requeridos por emprendedores, pymes y mayoristas. Con nuestros clientes formamos lazos de cooperaci\u00f3n y redes para potenciar sus emprendimientos. Con nuestros clientes formamos lazos [&hellip;]<\/p>\n","protected":false},"author":1,"featured_media":0,"parent":0,"menu_order":0,"comment_status":"closed","ping_status":"closed","template":"","meta":{"footnotes":""},"class_list":["post-718","page","type-page","status-publish","hentry"],"jetpack_sharing_enabled":true,"_links":{"self":[{"href":"https:\/\/aniwen.cl\/index.php\/wp-json\/wp\/v2\/pages\/718","targetHints":{"allow":["GET"]}}],"collection":[{"href":"https:\/\/aniwen.cl\/index.php\/wp-json\/wp\/v2\/pages"}],"about":[{"href":"https:\/\/aniwen.cl\/index.php\/wp-json\/wp\/v2\/types\/page"}],"author":[{"embeddable":true,"href":"https:\/\/aniwen.cl\/index.php\/wp-json\/wp\/v2\/users\/1"}],"replies":[{"embeddable":true,"href":"https:\/\/aniwen.cl\/index.php\/wp-json\/wp\/v2\/comments?post=718"}],"version-history":[{"count":13,"href":"https:\/\/aniwen.cl\/index.php\/wp-json\/wp\/v2\/pages\/718\/revisions"}],"predecessor-version":[{"id":1819,"href":"https:\/\/aniwen.cl\/index.php\/wp-json\/wp\/v2\/pages\/718\/revisions\/1819"}],"wp:attachment":[{"href":"https:\/\/aniwen.cl\/index.php\/wp-json\/wp\/v2\/media?parent=718"}],"curies":[{"name":"wp","href":"https:\/\/api.w.org\/{rel}","templated":true}]}}